{"id":25,"date":"2018-06-30T16:08:33","date_gmt":"2018-06-30T14:08:33","guid":{"rendered":"http:\/\/www.lemoulindespetitesmains.fr\/?page_id=25"},"modified":"2020-06-02T12:01:18","modified_gmt":"2020-06-02T10:01:18","slug":"coin-des-enfants","status":"publish","type":"page","link":"https:\/\/www.lemoulindespetitesmains.fr\/index.php\/coin-des-enfants\/","title":{"rendered":"Coin des Enfants"},"content":{"rendered":"\t\t<div data-elementor-type=\"wp-post\" data-elementor-id=\"25\" class=\"elementor elementor-25\">\n\t\t\t\t\t\t<section class=\"elementor-section elementor-top-section elementor-element elementor-element-bd43ebf elementor-section-full_width elementor-section-height-default elementor-section-height-default\" data-id=\"bd43ebf\" data-element_type=\"section\" data-e-type=\"section\">\n\t\t\t\t\t\t<div class=\"elementor-container elementor-column-gap-default\">\n\t\t\t\t\t<div class=\"elementor-column elementor-col-100 elementor-top-column elementor-element elementor-element-ea4faff\" data-id=\"ea4faff\" data-element_type=\"column\" data-e-type=\"column\">\n\t\t\t<div class=\"elementor-widget-wrap elementor-element-populated\">\n\t\t\t\t\t\t<div class=\"elementor-element elementor-element-8b816bc elementor-widget elementor-widget-html\" data-id=\"8b816bc\" data-element_type=\"widget\" data-e-type=\"widget\" data-widget_type=\"html.default\">\n\t\t\t\t<div class=\"elementor-widget-container\">\n\t\t\t\t\t<p style=\"font-size: 15pt; color: #7C2D83;text-align:center;\">\n    <strong>\n        <em>\u00ab L'enfant ne joue pas pour apprendre, mais apprend parce qu'il joue \u00bb\n        <\/em><br>\n    <\/strong>\n<\/p>\n<p style=\"font-size: 10pt; color: #7C2D83;text-align:center;margin-top:-30px;\">\n    <em>Jean Epstein (psychosociologue fran\u00e7ais)\n    <\/em>\n<\/p>\n\t\t\t\t<\/div>\n\t\t\t\t<\/div>\n\t\t\t\t\t<\/div>\n\t\t<\/div>\n\t\t\t\t\t<\/div>\n\t\t<\/section>\n\t\t\t\t<section class=\"elementor-section elementor-top-section elementor-element elementor-element-9c4ed2d elementor-section-full_width elementor-section-height-default elementor-section-height-default\" data-id=\"9c4ed2d\" data-element_type=\"section\" data-e-type=\"section\">\n\t\t\t\t\t\t<div class=\"elementor-container elementor-column-gap-wide\">\n\t\t\t\t\t<div class=\"elementor-column elementor-col-100 elementor-top-column elementor-element elementor-element-73b0791\" data-id=\"73b0791\" data-element_type=\"column\" data-e-type=\"column\">\n\t\t\t<div class=\"elementor-widget-wrap elementor-element-populated\">\n\t\t\t\t\t\t<div class=\"elementor-element elementor-element-511a646 elementor-widget elementor-widget-html\" data-id=\"511a646\" data-element_type=\"widget\" data-e-type=\"widget\" data-widget_type=\"html.default\">\n\t\t\t\t<div class=\"elementor-widget-container\">\n\t\t\t\t\t<p><img decoding=\"async\" src=\"https:\/\/www.lemoulindespetitesmains.fr\/wp-content\/uploads\/2018\/07\/NotreEnvironnement.png\" border=\"0\"><\/p>\n<blockquote style=\"margin-left:-10px;border:0px solid black;font-style:normal;\">\n<p>L&rsquo;\u00e9quipe intervenant aupr\u00e8s des  enfants sera ainsi en mesure de bien les conna\u00eetre ainsi que leur famille et de  prendre en compte leurs diff\u00e9rences (habitudes, rythme de vie...).\nCe sera un lieu gai,  chaleureux, diff\u00e9rent de la famille mais dans lequel tout sera mis en place  pour que l&rsquo;enfant se sente bien,&nbsp;un peu comme sa deuxi\u00e8me maison.\nUne fois l&rsquo;\u00e9quipe form\u00e9e, la  micro-cr\u00e8che retravaillera sur ce projet p\u00e9dagogique qui reste une base  essentielle au bon fonctionnement de la structure.\nLes locaux ont \u00e9t\u00e9 valid\u00e9s par le m\u00e9decin chef de la  PMI (Protection Maternelle et Infantile), nous avons l'agr\u00e9ment.<\/p>\n<\/blockquote>\n\t\t\t\t<\/div>\n\t\t\t\t<\/div>\n\t\t\t\t\t<\/div>\n\t\t<\/div>\n\t\t\t\t\t<\/div>\n\t\t<\/section>\n\t\t\t\t<section class=\"elementor-section elementor-top-section elementor-element elementor-element-7de0c30 elementor-section-boxed elementor-section-height-default elementor-section-height-default\" data-id=\"7de0c30\" data-element_type=\"section\" data-e-type=\"section\">\n\t\t\t\t\t\t<div class=\"elementor-container elementor-column-gap-default\">\n\t\t\t\t\t<div class=\"elementor-column elementor-col-100 elementor-top-column elementor-element elementor-element-6efafba\" data-id=\"6efafba\" data-element_type=\"column\" data-e-type=\"column\">\n\t\t\t<div class=\"elementor-widget-wrap elementor-element-populated\">\n\t\t\t\t\t\t<section class=\"elementor-section elementor-inner-section elementor-element elementor-element-6c3c5ea elementor-section-boxed elementor-section-height-default elementor-section-height-default\" data-id=\"6c3c5ea\" data-element_type=\"section\" data-e-type=\"section\">\n\t\t\t\t\t\t<div class=\"elementor-container elementor-column-gap-default\">\n\t\t\t\t\t<div class=\"elementor-column elementor-col-50 elementor-inner-column elementor-element elementor-element-d9e31f5\" data-id=\"d9e31f5\" data-element_type=\"column\" data-e-type=\"column\">\n\t\t\t<div class=\"elementor-widget-wrap elementor-element-populated\">\n\t\t\t\t\t\t<div class=\"elementor-element elementor-element-d3dab1e elementor-widget elementor-widget-image\" data-id=\"d3dab1e\" data-element_type=\"widget\" data-e-type=\"widget\" data-widget_type=\"image.default\">\n\t\t\t\t<div class=\"elementor-widget-container\">\n\t\t\t\t\t\t\t\t\t\t\t\t\t\t\t<img fetchpriority=\"high\" decoding=\"async\" width=\"4032\" height=\"3024\" src=\"https:\/\/www.lemoulindespetitesmains.fr\/wp-content\/uploads\/2019\/02\/ROYAT_IMG_8760.jpg\" class=\"attachment-full size-full wp-image-687\" alt=\"\" srcset=\"https:\/\/www.lemoulindespetitesmains.fr\/wp-content\/uploads\/2019\/02\/ROYAT_IMG_8760.jpg 4032w, https:\/\/www.lemoulindespetitesmains.fr\/wp-content\/uploads\/2019\/02\/ROYAT_IMG_8760-300x225.jpg 300w, https:\/\/www.lemoulindespetitesmains.fr\/wp-content\/uploads\/2019\/02\/ROYAT_IMG_8760-768x576.jpg 768w, https:\/\/www.lemoulindespetitesmains.fr\/wp-content\/uploads\/2019\/02\/ROYAT_IMG_8760-1024x768.jpg 1024w\" sizes=\"(max-width: 4032px) 100vw, 4032px\" \/>\t\t\t\t\t\t\t\t\t\t\t\t\t\t\t<\/div>\n\t\t\t\t<\/div>\n\t\t\t\t\t<\/div>\n\t\t<\/div>\n\t\t\t\t<div class=\"elementor-column elementor-col-50 elementor-inner-column elementor-element elementor-element-a342827\" data-id=\"a342827\" data-element_type=\"column\" data-e-type=\"column\">\n\t\t\t<div class=\"elementor-widget-wrap elementor-element-populated\">\n\t\t\t\t\t\t<div class=\"elementor-element elementor-element-54b4e69 elementor-widget elementor-widget-html\" data-id=\"54b4e69\" data-element_type=\"widget\" data-e-type=\"widget\" data-widget_type=\"html.default\">\n\t\t\t\t<div class=\"elementor-widget-container\">\n\t\t\t\t\t<p><img decoding=\"async\" src=\"https:\/\/www.lemoulindespetitesmains.fr\/wp-content\/uploads\/2018\/07\/Royat.png\" border=\"0\"><\/p>\n<blockquote style=\"margin-left:-10px;border:0px solid black;font-style:normal;\">\n<p>Les enfants sont accueillis dans un local de 135 m2, de  plain-pied, avec une pi\u00e8ce de vie, une cuisine, une salle de change \u00e9quip\u00e9e de  toilettes pour enfants, une cuisine pour faire chauffer les repas et les  biberons (sachant que les repas sont fournis par les parents), 2 chambres  (r\u00e9parties en fonction des \u00e2ges), un bureau pour les t\u00e2ches administratives et  \u00e9changer avec vous parents.<\/p>\n<p>Sa situation permet aux enfants du &quot;Moulin des  Petites Mains&quot; d'offrir une ouverture sur la vie locale et de b\u00e9n\u00e9ficier  d'un large choix d'activit\u00e9s socioculturelles (biblioth\u00e8que, march\u00e9,  spectacles, etc...).<\/p>   \n<\/blockquote>\t\t\t\t<\/div>\n\t\t\t\t<\/div>\n\t\t\t\t\t<\/div>\n\t\t<\/div>\n\t\t\t\t\t<\/div>\n\t\t<\/section>\n\t\t\t\t\t<\/div>\n\t\t<\/div>\n\t\t\t\t\t<\/div>\n\t\t<\/section>\n\t\t\t\t<section class=\"elementor-section elementor-top-section elementor-element elementor-element-d5772b2 elementor-section-full_width elementor-section-height-default elementor-section-height-default\" data-id=\"d5772b2\" data-element_type=\"section\" data-e-type=\"section\">\n\t\t\t\t\t\t<div class=\"elementor-container elementor-column-gap-wide\">\n\t\t\t\t\t<div class=\"elementor-column elementor-col-50 elementor-top-column elementor-element elementor-element-06bd2c3\" data-id=\"06bd2c3\" data-element_type=\"column\" data-e-type=\"column\">\n\t\t\t<div class=\"elementor-widget-wrap elementor-element-populated\">\n\t\t\t\t\t\t<div class=\"elementor-element elementor-element-e176659 elementor-widget elementor-widget-html\" data-id=\"e176659\" data-element_type=\"widget\" data-e-type=\"widget\" data-widget_type=\"html.default\">\n\t\t\t\t<div class=\"elementor-widget-container\">\n\t\t\t\t\t<p><img decoding=\"async\" src=\"https:\/\/www.lemoulindespetitesmains.fr\/wp-content\/uploads\/2018\/07\/Plauzat.png\" border=\"0\"><\/p>\n<blockquote style=\"margin-left:-10px;border:0px solid black;font-style:normal;\">\n<p>Les enfants sont accueillis dans une maison de 105 m2, de  plain-pied, avec une pi\u00e8ce de vie, une salle actigym (toboggan, parcours de  motricit\u00e9, porteurs...), une salle de change \u00e9quip\u00e9e de toilettes pour enfants,  une cuisine pour faire chauffer les repas et les biberons (sachant que les  repas sont fournis par les parents), 2 chambres (r\u00e9parties en fonction des  \u00e2ges), un bureau pour les t\u00e2ches administratives et \u00e9changer avec vous parents,  un jardin ext\u00e9rieur et un parking.<\/p>\n<p>Le local est id\u00e9alement situ\u00e9 \u00e0 proximit\u00e9 de l'\u00e9cole de  Plauzat dans un quartier r\u00e9sidentiel calme.<\/p>\n<\/blockquote>\t\t\t\t<\/div>\n\t\t\t\t<\/div>\n\t\t\t\t\t<\/div>\n\t\t<\/div>\n\t\t\t\t<div class=\"elementor-column elementor-col-50 elementor-top-column elementor-element elementor-element-aa0076b\" data-id=\"aa0076b\" data-element_type=\"column\" data-e-type=\"column\">\n\t\t\t<div class=\"elementor-widget-wrap elementor-element-populated\">\n\t\t\t\t\t\t<div class=\"elementor-element elementor-element-0bceab3 elementor-widget elementor-widget-image\" data-id=\"0bceab3\" data-element_type=\"widget\" data-e-type=\"widget\" data-widget_type=\"image.default\">\n\t\t\t\t<div class=\"elementor-widget-container\">\n\t\t\t\t\t\t\t\t\t\t\t\t\t\t\t<img decoding=\"async\" width=\"4032\" height=\"3024\" src=\"https:\/\/www.lemoulindespetitesmains.fr\/wp-content\/uploads\/2019\/02\/IMG_8798.jpg\" class=\"attachment-full size-full wp-image-690\" alt=\"\" srcset=\"https:\/\/www.lemoulindespetitesmains.fr\/wp-content\/uploads\/2019\/02\/IMG_8798.jpg 4032w, https:\/\/www.lemoulindespetitesmains.fr\/wp-content\/uploads\/2019\/02\/IMG_8798-300x225.jpg 300w, https:\/\/www.lemoulindespetitesmains.fr\/wp-content\/uploads\/2019\/02\/IMG_8798-768x576.jpg 768w, https:\/\/www.lemoulindespetitesmains.fr\/wp-content\/uploads\/2019\/02\/IMG_8798-1024x768.jpg 1024w\" sizes=\"(max-width: 4032px) 100vw, 4032px\" \/>\t\t\t\t\t\t\t\t\t\t\t\t\t\t\t<\/div>\n\t\t\t\t<\/div>\n\t\t\t\t\t<\/div>\n\t\t<\/div>\n\t\t\t\t\t<\/div>\n\t\t<\/section>\n\t\t\t\t<section class=\"elementor-section elementor-top-section elementor-element elementor-element-ffc5bb0 elementor-section-full_width elementor-section-height-default elementor-section-height-default\" data-id=\"ffc5bb0\" data-element_type=\"section\" data-e-type=\"section\">\n\t\t\t\t\t\t<div class=\"elementor-container elementor-column-gap-no\">\n\t\t\t\t\t<div class=\"elementor-column elementor-col-100 elementor-top-column elementor-element elementor-element-e8a643f\" data-id=\"e8a643f\" data-element_type=\"column\" data-e-type=\"column\">\n\t\t\t<div class=\"elementor-widget-wrap elementor-element-populated\">\n\t\t\t\t\t\t<div class=\"elementor-element elementor-element-94cf937 elementor-widget elementor-widget-shortcode\" data-id=\"94cf937\" data-element_type=\"widget\" data-e-type=\"widget\" data-widget_type=\"shortcode.default\">\n\t\t\t\t<div class=\"elementor-widget-container\">\n\t\t\t\t\t\t\t<div class=\"elementor-shortcode\">\t\t<div data-elementor-type=\"wp-post\" data-elementor-id=\"329\" class=\"elementor elementor-329\">\n\t\t\t\t\t\t<section class=\"elementor-section elementor-top-section elementor-element elementor-element-bb598ea elementor-section-full_width elementor-section-height-default elementor-section-height-default\" data-id=\"bb598ea\" data-element_type=\"section\" data-e-type=\"section\" data-settings=\"{&quot;background_background&quot;:&quot;classic&quot;}\">\n\t\t\t\t\t\t<div class=\"elementor-container elementor-column-gap-default\">\n\t\t\t\t\t<div class=\"elementor-column elementor-col-50 elementor-top-column elementor-element elementor-element-1b46f9c\" data-id=\"1b46f9c\" data-element_type=\"column\" data-e-type=\"column\">\n\t\t\t<div class=\"elementor-widget-wrap elementor-element-populated\">\n\t\t\t\t\t\t<div class=\"elementor-element elementor-element-b6886b2 elementor-widget elementor-widget-html\" data-id=\"b6886b2\" data-element_type=\"widget\" data-e-type=\"widget\" data-widget_type=\"html.default\">\n\t\t\t\t<div class=\"elementor-widget-container\">\n\t\t\t\t\t<p style=\"font-size: 18pt; font-weight : normal; color: #FFFFFF; text-decoration: none;\"><strong>CONTACT<\/strong><\/p>\n<p style=\"font-size: 12pt; font-weight : normal; color: #FFFFFF; text-decoration: none; line-height: 13pt;\">\n<strong>Le Moulin des Petites Mains<\/strong><br>\n10 Ter Avenue Jean Jaur\u00e8s \u2013 63130 ROYAT<\/br>\n19 Chemin de Coudes \u2013 63730 PLAUZAT<\/br>\n<\/p>\n<p style=\"font-size: 12pt; font-weight : normal; color: #FFFFFF; text-decoration: none; line-height: 13pt;\">\nE-mail : lemoulindespetitesmains<img src='https:\/\/www.lemoulindespetitesmains.fr\/wp-content\/uploads\/2018\/07\/at.png' border='0' style='vertical-align:top;'>gmail.com<\/br>\nT\u00e9l. : 06 87 08 09 83<\/br>\n<\/br>Horaires Royat : du lundi au vendredi de 7h30 \u00e0 18h30<\/br> \nHoraires Plauzat : du lundi au vendredi de 7h30 \u00e0 18h00\n<\/p>\n<p>\n<a href=\"https:\/\/www.facebook.com\/Micro-cr%C3%A8ches-Le-Moulin-des-Petites-Mains-165752560154348\/?ref=br_rs\" target=\"blank\"><img decoding=\"async\" src=\"https:\/\/www.lemoulindespetitesmains.fr\/wp-content\/uploads\/2018\/07\/Logo_FB_Blanc.png\" border=\"0\"><\/a>\n<\/p>\n<iframe style=\"border:1px solid #999999;\" src=\"https:\/\/www.google.com\/maps\/d\/embed?mid=1yC0pf8QJ8IwRRiaVTvSuECSxdbfiAQEM\" width=\"400\" height=\"300\" frameborder=\"0\" scrolling=\"no\" marginheight=\"0\" marginwidth=\"0\"><\/iframe>\n\n\t\t\t\t<\/div>\n\t\t\t\t<\/div>\n\t\t\t\t\t<\/div>\n\t\t<\/div>\n\t\t\t\t<div class=\"elementor-column elementor-col-50 elementor-top-column elementor-element elementor-element-b415cb9\" data-id=\"b415cb9\" data-element_type=\"column\" data-e-type=\"column\">\n\t\t\t<div class=\"elementor-widget-wrap elementor-element-populated\">\n\t\t\t\t\t\t<div class=\"elementor-element elementor-element-0ee9001 elementor-widget elementor-widget-shortcode\" data-id=\"0ee9001\" data-element_type=\"widget\" data-e-type=\"widget\" data-widget_type=\"shortcode.default\">\n\t\t\t\t<div class=\"elementor-widget-container\">\n\t\t\t\t\t\t\t<div class=\"elementor-shortcode\"><p>&nbsp;<\/p>\n\n<div class=\"wpcf7 no-js\" id=\"wpcf7-f704-o1\" lang=\"fr-FR\" dir=\"ltr\" data-wpcf7-id=\"704\">\n<div class=\"screen-reader-response\"><p role=\"status\" aria-live=\"polite\" aria-atomic=\"true\"><\/p> <ul><\/ul><\/div>\n<form action=\"\/index.php\/wp-json\/wp\/v2\/pages\/25#wpcf7-f704-o1\" method=\"post\" class=\"wpcf7-form init\" aria-label=\"Formulaire de contact\" novalidate=\"novalidate\" data-status=\"init\">\n<fieldset class=\"hidden-fields-container\"><input type=\"hidden\" name=\"_wpcf7\" value=\"704\" \/><input type=\"hidden\" name=\"_wpcf7_version\" value=\"6.1.5\" \/><input type=\"hidden\" name=\"_wpcf7_locale\" value=\"fr_FR\" \/><input type=\"hidden\" name=\"_wpcf7_unit_tag\" value=\"wpcf7-f704-o1\" \/><input type=\"hidden\" name=\"_wpcf7_container_post\" value=\"0\" \/><input type=\"hidden\" name=\"_wpcf7_posted_data_hash\" value=\"\" \/>\n<\/fieldset>\n<p><label> Votre nom (obligatoire)<br \/>\n<span class=\"wpcf7-form-control-wrap\" data-name=\"your-name\"><input size=\"40\" maxlength=\"400\" class=\"wpcf7-form-control wpcf7-text wpcf7-validates-as-required\" aria-required=\"true\" aria-invalid=\"false\" value=\"\" type=\"text\" name=\"your-name\" \/><\/span> <\/label>\n<\/p>\n<p><label> Votre adresse de messagerie (obligatoire)<br \/>\n<span class=\"wpcf7-form-control-wrap\" data-name=\"your-email\"><input size=\"40\" maxlength=\"400\" class=\"wpcf7-form-control wpcf7-email wpcf7-validates-as-required wpcf7-text wpcf7-validates-as-email\" aria-required=\"true\" aria-invalid=\"false\" value=\"\" type=\"email\" name=\"your-email\" \/><\/span> <\/label>\n<\/p>\n<p><label> Objet<br \/>\n<span class=\"wpcf7-form-control-wrap\" data-name=\"your-subject\"><input size=\"40\" maxlength=\"400\" class=\"wpcf7-form-control wpcf7-text\" aria-invalid=\"false\" value=\"\" type=\"text\" name=\"your-subject\" \/><\/span> <\/label>\n<\/p>\n<p><label> Votre message<br \/>\n<span class=\"wpcf7-form-control-wrap\" data-name=\"your-message\"><textarea cols=\"40\" rows=\"10\" maxlength=\"2000\" class=\"wpcf7-form-control wpcf7-textarea\" aria-invalid=\"false\" name=\"your-message\"><\/textarea><\/span> <\/label><br \/>\n<div class=\"gglcptch gglcptch_v2\"><div id=\"gglcptch_recaptcha_965414548\" class=\"gglcptch_recaptcha\"><\/div>\n\t\t\t\t<noscript>\n\t\t\t\t\t<div style=\"width: 302px;\">\n\t\t\t\t\t\t<div style=\"width: 302px; height: 422px; position: relative;\">\n\t\t\t\t\t\t\t<div style=\"width: 302px; height: 422px; position: absolute;\">\n\t\t\t\t\t\t\t\t<iframe src=\"https:\/\/www.google.com\/recaptcha\/api\/fallback?k=6Ldz9WIUAAAAANVw2Oh40ZQ1q3EF1zPq2boqGZAS\" frameborder=\"0\" scrolling=\"no\" style=\"width: 302px; height:422px; border-style: none;\"><\/iframe>\n\t\t\t\t\t\t\t<\/div>\n\t\t\t\t\t\t<\/div>\n\t\t\t\t\t\t<div style=\"border-style: none; bottom: 12px; left: 25px; margin: 0px; padding: 0px; right: 25px; background: #f9f9f9; border: 1px solid #c1c1c1; border-radius: 3px; height: 60px; width: 300px;\">\n\t\t\t\t\t\t\t<input type=\"hidden\" id=\"g-recaptcha-response\" name=\"g-recaptcha-response\" class=\"g-recaptcha-response\" style=\"width: 250px !important; height: 40px !important; border: 1px solid #c1c1c1 !important; margin: 10px 25px !important; padding: 0px !important; resize: none !important;\">\n\t\t\t\t\t\t<\/div>\n\t\t\t\t\t<\/div>\n\t\t\t\t<\/noscript><\/div><br \/>\n<input class=\"wpcf7-form-control wpcf7-submit has-spinner\" type=\"submit\" value=\"Envoyer\" \/>\n<\/p><div class=\"wpcf7-response-output\" aria-hidden=\"true\"><\/div>\n<\/form>\n<\/div>\n<\/div>\n\t\t\t\t\t\t<\/div>\n\t\t\t\t<\/div>\n\t\t\t\t\t<\/div>\n\t\t<\/div>\n\t\t\t\t\t<\/div>\n\t\t<\/section>\n\t\t\t\t<\/div>\n\t\t<\/div>\n\t\t\t\t\t\t<\/div>\n\t\t\t\t<\/div>\n\t\t\t\t\t<\/div>\n\t\t<\/div>\n\t\t\t\t\t<\/div>\n\t\t<\/section>\n\t\t\t\t<section class=\"elementor-section elementor-top-section elementor-element elementor-element-a1d250a elementor-section-full_width elementor-section-content-top elementor-section-height-default elementor-section-height-default\" data-id=\"a1d250a\" data-element_type=\"section\" data-e-type=\"section\">\n\t\t\t\t\t\t<div class=\"elementor-container elementor-column-gap-no\">\n\t\t\t\t\t<div class=\"elementor-column elementor-col-100 elementor-top-column elementor-element elementor-element-1e0d0dd\" data-id=\"1e0d0dd\" data-element_type=\"column\" data-e-type=\"column\">\n\t\t\t<div class=\"elementor-widget-wrap elementor-element-populated\">\n\t\t\t\t\t\t<div class=\"elementor-element elementor-element-ce1e3ab elementor-widget elementor-widget-shortcode\" data-id=\"ce1e3ab\" data-element_type=\"widget\" data-e-type=\"widget\" data-widget_type=\"shortcode.default\">\n\t\t\t\t<div class=\"elementor-widget-container\">\n\t\t\t\t\t\t\t<div class=\"elementor-shortcode\">\t\t<div data-elementor-type=\"wp-post\" data-elementor-id=\"356\" class=\"elementor elementor-356 elementor-bc-flex-widget\">\n\t\t\t\t\t\t<section class=\"elementor-section elementor-top-section elementor-element elementor-element-a06f73e elementor-section-full_width elementor-section-height-default elementor-section-height-default\" data-id=\"a06f73e\" data-element_type=\"section\" data-e-type=\"section\" data-settings=\"{&quot;background_background&quot;:&quot;classic&quot;}\">\n\t\t\t\t\t\t<div class=\"elementor-container elementor-column-gap-default\">\n\t\t\t\t\t<div class=\"elementor-column elementor-col-100 elementor-top-column elementor-element elementor-element-5982769\" data-id=\"5982769\" data-element_type=\"column\" data-e-type=\"column\">\n\t\t\t<div class=\"elementor-widget-wrap elementor-element-populated\">\n\t\t\t\t\t\t<div class=\"elementor-element elementor-element-ba74b8f elementor-widget elementor-widget-html\" data-id=\"ba74b8f\" data-element_type=\"widget\" data-e-type=\"widget\" data-widget_type=\"html.default\">\n\t\t\t\t<div class=\"elementor-widget-container\">\n\t\t\t\t\t<a href=\"http:\/\/www.lemoulindespetitesmains.fr\/index.php\/mentions-legales\/\">Mentions l\u00e9gales<\/a> - Copyright 2018 : Le Moulin des Petites Mains - Design : <a href=\"http:\/\/agencesdc.fr\/\">AgenceSDC<\/a>\t\t\t\t<\/div>\n\t\t\t\t<\/div>\n\t\t\t\t\t<\/div>\n\t\t<\/div>\n\t\t\t\t\t<\/div>\n\t\t<\/section>\n\t\t\t\t<\/div>\n\t\t<\/div>\n\t\t\t\t\t\t<\/div>\n\t\t\t\t<\/div>\n\t\t\t\t\t<\/div>\n\t\t<\/div>\n\t\t\t\t\t<\/div>\n\t\t<\/section>\n\t\t\t\t<\/div>\n\t\t","protected":false},"excerpt":{"rendered":"<p>\u00ab L&rsquo;enfant ne joue pas pour apprendre, mais apprend parce qu&rsquo;il joue \u00bb Jean Epstein (psychosociologue fran\u00e7ais) L&rsquo;\u00e9quipe intervenant aupr\u00e8s des enfants sera ainsi en mesure de bien les conna\u00eetre ainsi que leur famille et de prendre en compte leurs diff\u00e9rences (habitudes, rythme de vie&#8230;). Ce sera un lieu gai, chaleureux, diff\u00e9rent de la famille [&hellip;]<\/p>\n","protected":false},"author":1,"featured_media":0,"parent":0,"menu_order":2,"comment_status":"closed","ping_status":"closed","template":"elementor_header_footer","meta":{"ocean_post_layout":"","ocean_both_sidebars_style":"","ocean_both_sidebars_content_width":0,"ocean_both_sidebars_sidebars_width":0,"ocean_sidebar":"0","ocean_second_sidebar":"0","ocean_disable_margins":"enable","ocean_add_body_class":"","ocean_shortcode_before_top_bar":"","ocean_shortcode_after_top_bar":"","ocean_shortcode_before_header":"","ocean_shortcode_after_header":"","ocean_has_shortcode":"","ocean_shortcode_after_title":"","ocean_shortcode_before_footer_widgets":"","ocean_shortcode_after_footer_widgets":"","ocean_shortcode_before_footer_bottom":"","ocean_shortcode_after_footer_bottom":"","ocean_display_top_bar":"default","ocean_display_header":"default","ocean_header_style":"","ocean_center_header_left_menu":"0","ocean_custom_header_template":"0","ocean_custom_logo":0,"ocean_custom_retina_logo":0,"ocean_custom_logo_max_width":0,"ocean_custom_logo_tablet_max_width":0,"ocean_custom_logo_mobile_max_width":0,"ocean_custom_logo_max_height":0,"ocean_custom_logo_tablet_max_height":0,"ocean_custom_logo_mobile_max_height":0,"ocean_header_custom_menu":"0","ocean_menu_typo_font_family":"0","ocean_menu_typo_font_subset":"","ocean_menu_typo_font_size":0,"ocean_menu_typo_font_size_tablet":0,"ocean_menu_typo_font_size_mobile":0,"ocean_menu_typo_font_size_unit":"px","ocean_menu_typo_font_weight":"","ocean_menu_typo_font_weight_tablet":"","ocean_menu_typo_font_weight_mobile":"","ocean_menu_typo_transform":"","ocean_menu_typo_transform_tablet":"","ocean_menu_typo_transform_mobile":"","ocean_menu_typo_line_height":0,"ocean_menu_typo_line_height_tablet":0,"ocean_menu_typo_line_height_mobile":0,"ocean_menu_typo_line_height_unit":"","ocean_menu_typo_spacing":0,"ocean_menu_typo_spacing_tablet":0,"ocean_menu_typo_spacing_mobile":0,"ocean_menu_typo_spacing_unit":"","ocean_menu_link_color":"","ocean_menu_link_color_hover":"","ocean_menu_link_color_active":"","ocean_menu_link_background":"","ocean_menu_link_hover_background":"","ocean_menu_link_active_background":"","ocean_menu_social_links_bg":"","ocean_menu_social_hover_links_bg":"","ocean_menu_social_links_color":"","ocean_menu_social_hover_links_color":"","ocean_disable_title":"default","ocean_disable_heading":"default","ocean_post_title":"","ocean_post_subheading":"","ocean_post_title_style":"","ocean_post_title_background_color":"","ocean_post_title_background":0,"ocean_post_title_bg_image_position":"","ocean_post_title_bg_image_attachment":"","ocean_post_title_bg_image_repeat":"","ocean_post_title_bg_image_size":"","ocean_post_title_height":0,"ocean_post_title_bg_overlay":0.5,"ocean_post_title_bg_overlay_color":"","ocean_disable_breadcrumbs":"default","ocean_breadcrumbs_color":"","ocean_breadcrumbs_separator_color":"","ocean_breadcrumbs_links_color":"","ocean_breadcrumbs_links_hover_color":"","ocean_display_footer_widgets":"default","ocean_display_footer_bottom":"default","ocean_custom_footer_template":"","footnotes":""},"class_list":["post-25","page","type-page","status-publish","hentry","entry"],"_links":{"self":[{"href":"https:\/\/www.lemoulindespetitesmains.fr\/index.php\/wp-json\/wp\/v2\/pages\/25","targetHints":{"allow":["GET"]}}],"collection":[{"href":"https:\/\/www.lemoulindespetitesmains.fr\/index.php\/wp-json\/wp\/v2\/pages"}],"about":[{"href":"https:\/\/www.lemoulindespetitesmains.fr\/index.php\/wp-json\/wp\/v2\/types\/page"}],"author":[{"embeddable":true,"href":"https:\/\/www.lemoulindespetitesmains.fr\/index.php\/wp-json\/wp\/v2\/users\/1"}],"replies":[{"embeddable":true,"href":"https:\/\/www.lemoulindespetitesmains.fr\/index.php\/wp-json\/wp\/v2\/comments?post=25"}],"version-history":[{"count":16,"href":"https:\/\/www.lemoulindespetitesmains.fr\/index.php\/wp-json\/wp\/v2\/pages\/25\/revisions"}],"predecessor-version":[{"id":1003,"href":"https:\/\/www.lemoulindespetitesmains.fr\/index.php\/wp-json\/wp\/v2\/pages\/25\/revisions\/1003"}],"wp:attachment":[{"href":"https:\/\/www.lemoulindespetitesmains.fr\/index.php\/wp-json\/wp\/v2\/media?parent=25"}],"curies":[{"name":"wp","href":"https:\/\/api.w.org\/{rel}","templated":true}]}}